{"id":162,"date":"2023-08-16T11:55:39","date_gmt":"2023-08-16T11:55:39","guid":{"rendered":"https:\/\/gefluegelhof-lueck.de\/?page_id=162"},"modified":"2023-08-16T11:55:39","modified_gmt":"2023-08-16T11:55:39","slug":"datenschutz","status":"publish","type":"page","link":"https:\/\/gefluegelhof-lueck.de\/index.php\/datenschutz\/","title":{"rendered":"Datenschutz"},"content":{"rendered":"<p>[et_pb_section fb_built=&#8220;1&#8243; custom_padding_last_edited=&#8220;on|phone&#8220; next_background_color=&#8220;#ffffff&#8220; admin_label=&#8220;Header&#8220; _builder_version=&#8220;4.17.4&#8243; _module_preset=&#8220;default&#8220; background_color=&#8220;#b08d7d&#8220; background_image=&#8220;https:\/\/gefluegelhof-lueck.de\/wp-content\/uploads\/2023\/08\/weathered-wooden-surface_bearb_klein.jpg&#8220; background_position=&#8220;top_right&#8220; background_horizontal_offset=&#8220;48%&#8220; background_vertical_offset=&#8220;46%&#8220; background_blend=&#8220;multiply&#8220; background_pattern_horizontal_offset=&#8220;74%&#8220; custom_padding=&#8220;100px||12vw|||&#8220; custom_padding_tablet=&#8220;50px||&#8220; custom_padding_phone=&#8220;0px|||&#8220; bottom_divider_style=&#8220;asymmetric4&#8243; bottom_divider_height=&#8220;114px&#8220; bottom_divider_repeat=&#8220;1x&#8220; bottom_divider_arrangement=&#8220;above_content&#8220; global_colors_info=&#8220;{}&#8220; theme_builder_area=&#8220;post_content&#8220;][et_pb_row custom_padding_last_edited=&#8220;on|desktop&#8220; _builder_version=&#8220;4.17.4&#8243; _module_preset=&#8220;default&#8220; background_color=&#8220;RGBA(255,255,255,0)&#8220; custom_margin=&#8220;|||&#8220; custom_padding=&#8220;|30px||0px|false|false&#8220; custom_padding_tablet=&#8220;40px||&#8220; custom_padding_phone=&#8220;&#8220; global_colors_info=&#8220;{}&#8220; theme_builder_area=&#8220;post_content&#8220;][et_pb_column type=&#8220;4_4&#8243; _builder_version=&#8220;4.16&#8243; _module_preset=&#8220;default&#8220; custom_padding=&#8220;|||&#8220; custom_padding_last_edited=&#8220;off|desktop&#8220; global_colors_info=&#8220;{}&#8220; custom_padding__hover=&#8220;|||&#8220; theme_builder_area=&#8220;post_content&#8220;][et_pb_image src=&#8220;https:\/\/gefluegelhof-lueck.de\/wp-content\/uploads\/2023\/08\/16_11_09_Logo_Lueck_Regionale_Feinschmecker_PF_nur_Logo.png&#8220; title_text=&#8220;16_11_09_Logo_Lueck_Regionale_Feinschmecker_PF_nur_Logo&#8220; align=&#8220;center&#8220; _builder_version=&#8220;4.17.4&#8243; _module_preset=&#8220;default&#8220; width=&#8220;12%&#8220; global_colors_info=&#8220;{}&#8220; theme_builder_area=&#8220;post_content&#8220;][\/et_pb_image][et_pb_text _builder_version=&#8220;4.17.4&#8243; _module_preset=&#8220;default&#8220; header_font=&#8220;Lora Medium||||||||&#8220; header_text_color=&#8220;#FFFFFF&#8220; header_font_size=&#8220;78px&#8220; header_letter_spacing=&#8220;-1px&#8220; header_line_height=&#8220;1.1em&#8220; hover_enabled=&#8220;0&#8243; header_font_size_tablet=&#8220;56px&#8220; header_font_size_phone=&#8220;40px&#8220; header_font_size_last_edited=&#8220;on|phone&#8220; locked=&#8220;off&#8220; global_colors_info=&#8220;{}&#8220; theme_builder_area=&#8220;post_content&#8220; sticky_enabled=&#8220;0&#8243;]<\/p>\n<h1 style=\"text-align: center;\">Datenschutz<\/h1>\n<p>[\/et_pb_text][\/et_pb_column][\/et_pb_row][\/et_pb_section][et_pb_section fb_built=&#8220;1&#8243; admin_label=&#8220;About&#8220; _builder_version=&#8220;4.16&#8243; _module_preset=&#8220;default&#8220; custom_padding=&#8220;37px|||||&#8220; locked=&#8220;off&#8220; global_colors_info=&#8220;{}&#8220; theme_builder_area=&#8220;post_content&#8220;][et_pb_row use_custom_gutter=&#8220;on&#8220; make_equal=&#8220;on&#8220; _builder_version=&#8220;4.16&#8243; _module_preset=&#8220;default&#8220; module_alignment=&#8220;center&#8220; custom_padding=&#8220;||65px|||&#8220; global_colors_info=&#8220;{}&#8220; theme_builder_area=&#8220;post_content&#8220;][et_pb_column type=&#8220;4_4&#8243; _builder_version=&#8220;4.16&#8243; _module_preset=&#8220;default&#8220; custom_padding=&#8220;|||&#8220; global_colors_info=&#8220;{}&#8220; custom_padding__hover=&#8220;|||&#8220; theme_builder_area=&#8220;post_content&#8220;][et_pb_text _builder_version=&#8220;4.17.4&#8243; _module_preset=&#8220;default&#8220; text_font=&#8220;||||||||&#8220; text_line_height=&#8220;1.5em&#8220; header_font=&#8220;||||||||&#8220; header_2_font=&#8220;Lora|700|||||||&#8220; header_2_font_size=&#8220;50px&#8220; header_2_line_height=&#8220;1.2em&#8220; transform_scale_tablet=&#8220;&#8220; transform_scale_phone=&#8220;&#8220; transform_scale_last_edited=&#8220;on|desktop&#8220; transform_translate_tablet=&#8220;0px|0vw&#8220; transform_translate_phone=&#8220;&#8220; transform_translate_last_edited=&#8220;on|phone&#8220; transform_rotate_tablet=&#8220;&#8220; transform_rotate_phone=&#8220;&#8220; transform_rotate_last_edited=&#8220;on|desktop&#8220; transform_skew_tablet=&#8220;&#8220; transform_skew_phone=&#8220;&#8220; transform_skew_last_edited=&#8220;on|desktop&#8220; transform_origin_tablet=&#8220;&#8220; transform_origin_phone=&#8220;&#8220; transform_origin_last_edited=&#8220;on|desktop&#8220; z_index=&#8220;1&#8243; module_alignment=&#8220;left&#8220; hover_enabled=&#8220;0&#8243; text_font_size_tablet=&#8220;&#8220; text_font_size_phone=&#8220;16px&#8220; text_font_size_last_edited=&#8220;on|desktop&#8220; header_2_font_size_tablet=&#8220;&#8220; header_2_font_size_phone=&#8220;32px&#8220; header_2_font_size_last_edited=&#8220;on|desktop&#8220; locked=&#8220;off&#8220; global_colors_info=&#8220;{}&#8220; theme_builder_area=&#8220;post_content&#8220; sticky_enabled=&#8220;0&#8243;]<\/p>\n<h2>Datenschutz<\/h2>\n<p>Wir nehmen den Schutz Ihrer pers\u00f6nlichen Daten sehr ernst. Aus diesem Grunde haben wir Ma\u00dfnahmen getroffen, die sicherstellen, dass die Vorschriften \u00fcber den Datenschutz sowohl von uns als auch von unseren externen Dienstleistern beachtet werden.\u00a0Wir nehmen den Schutz Ihrer pers\u00f6nlichen Daten sehr ernst. Aus diesem Grunde haben wir Ma\u00dfnahmen getroffen, die sicherstellen, dass die Vorschriften \u00fcber den Datenschutz sowohl von uns als auch von unseren externen Dienstleistern beachtet werden.\u00a0Im Zuge der Weiterentwicklung unseres Internetangebotes und der eingesetzten Technologien k\u00f6nnen auch \u00c4nderungen dieser Datenschutzerkl\u00e4rung erforderlich werden. Daher empfehlen wir Ihnen, sich die Datenschutzerkl\u00e4rung ab und zu erneut durchzulesen.\u00a0Die nachfolgende Erkl\u00e4rung gibt Ihnen einen \u00dcberblick dar\u00fcber, wie wir den Schutz Ihrer Daten gew\u00e4hrleisten und welche Art von Daten zu welchem Zweck erhoben werden.<\/p>\n<p><strong>Freiwillige pers\u00f6nliche Angaben:\u00a0<\/strong>An einigen Stellen des Internetangebots haben Sie die M\u00f6glichkeit, freiwillig personenbezogene Angaben zu machen. Die \u00fcbermittelten (personenbezogenen) Daten speichern und verwenden wir ausschlie\u00dflich f\u00fcr den Zweck, f\u00fcr den ihre Angabe erfolgte. Eine Weitergabe an Dritte erfolgt nicht. Automatisch gespeicherte Protokolldaten werden nach Ablauf eines begrenzten Zeitraums gel\u00f6scht.<\/p>\n<p><strong>Datenverarbeitung auf dieser Internetseite:<\/strong> Bei jedem Besuch einer Internetseite werden Daten erhoben und ausgetauscht. Dieser Web-Auftritt wird ausschlie\u00dflich auf einem Webserver mit Standort in Deutschland gespeichert.Wir erheben und speichern automatisch Daten, die Ihr Browser an unseren Server \u00fcbermittelt. Dies sind:<\/p>\n<ul>\n<li>Typ und Version Ihres Internet-Browsers<\/li>\n<li>verwendetes Betriebssystem<\/li>\n<li>die aufgerufene Seitedie zuvor besuchte Seite (Referrer URL)<\/li>\n<li>Uhrzeit der Serveranfrage.<\/li>\n<\/ul>\n<p>Wir werten Daten allein f\u00fcr statistische Zwecke aus, um die Nachfrage der Webangebote zu messen. Wir haben keine M\u00f6glichkeit, diese Daten einer bestimmten Person zuzuordnen. Eine Zusammenf\u00fchrung dieser Daten mit anderen Datenquellen wird nicht vorgenommen. Die IP-Nummern werden f\u00fcr die Dauer des Besuchs f\u00fcr die Beantwortung der Abfragen erfasst und nicht \u00fcber das Ende des Besuchs hinaus gespeichert. Daten, die beim Zugriff auf das Internetangebot protokolliert wurden, werden an Dritte nur \u00fcbermittelt, soweit wir gesetzlich oder durch Gerichtsentscheidung dazu verpflichtet sind oder die Weitergabe im Falle von Angriffen auf unsere Internetinfrastruktur zur Rechts- oder Strafverfolgung erforderlich ist. Eine Weitergabe in anderen F\u00e4llen erfolgt nicht.\u00a0Wir weisen darauf hin, dass die Daten\u00fcbertragung im Internet (z.B. bei der Kommunikation per E-Mail) Sicherheitsl\u00fccken aufweisen kann. Ein l\u00fcckenloser Schutz der Daten vor dem Zugriff durch Dritte ist nicht m\u00f6glich.<\/p>\n<p><strong>Weiterverwendung von Daten:<\/strong> Wir sind berechtigt, anonymisierte Nutzerinformationen Dritten f\u00fcr demographische Zwecke zur Verf\u00fcgung zu stellen. Die anonymisierten Daten d\u00fcrfen von uns ferner zur Erstellung von Statistiken und Trenderkennungen sowie zur Qualit\u00e4tssicherung und Marktforschung verwendet werden.<\/p>\n<p><strong>Informationspflichten nach dem Gesetz zur alternativen Streitbeilegung in Verbraucherangelegenheiten:<\/strong> Wir sind grunds\u00e4tzlich nicht bereit und verpflichtet, an Streitbeilegungsverfahren vor einer Verbraucherschlichtungsstelle teilzunehmen.<\/p>\n<p><strong>Cookies:<\/strong> Um einige technische Features dieser Website zu erm\u00f6glichen, werden Session-Cookies eingesetzt. Session-Cookies sind kleine Informationseinheiten, die ein Anbieter im Arbeitsspeicher des Computers des Besuchers speichert. In einem Session-Cookie wird eine zuf\u00e4llig erzeugte eindeutige Identifikationsnummer abgelegt, eine sogenannte Session-ID. Au\u00dferdem enth\u00e4lt ein Cookie die Angabe \u00fcber seine Herkunft und die Speicherfrist. Diese Cookies k\u00f6nnen keine anderen Daten speichern und werden nicht f\u00fcr statistische Zwecke ausgewertet.<\/p>\n<p><strong>Umgang mit Cookies:<\/strong> Cookies lassen sich mit allen Internetbrowsern steuern. Die meisten Browser sind so eingestellt, dass alle Cookies akzeptiert werden, ohne die Benutzer zu fragen. Wenn Sie den vollen Funktionsumfang der Website nutzen m\u00f6chten, sollten Sie Ihren Browser so einstellen, dass Session-Cookies akzeptiert werden. Wenn Sie alle Cookies ablehnen, k\u00f6nnen z.B. eventuell Registrierungs-\/Login-und Kommentar-Funktionen nicht verwendet werden. Sie k\u00f6nnen sich mit jedem Internetbrowser anzeigen lassen, wenn Cookies gesetzt werden und, was sie enthalten.<\/p>\n<p>Copyright \u00a9 2018<\/p>\n<p>Gefl\u00fcgelhof L\u00fcck GmbH, Burkhard Glaser<\/p>\n<p>&nbsp;<\/p>\n<p>[\/et_pb_text][\/et_pb_column][\/et_pb_row][\/et_pb_section]<\/p>\n","protected":false},"excerpt":{"rendered":"<p>DatenschutzDatenschutz Wir nehmen den Schutz Ihrer pers\u00f6nlichen Daten sehr ernst. Aus diesem Grunde haben wir Ma\u00dfnahmen getroffen, die sicherstellen, dass die Vorschriften \u00fcber den Datenschutz sowohl von uns als auch von unseren externen Dienstleistern beachtet werden.\u00a0Wir nehmen den Schutz Ihrer pers\u00f6nlichen Daten sehr ernst. Aus diesem Grunde haben wir Ma\u00dfnahmen getroffen, die sicherstellen, dass die [&hellip;]<\/p>\n","protected":false},"author":1,"featured_media":0,"parent":0,"menu_order":0,"comment_status":"closed","ping_status":"closed","template":"","meta":{"_et_pb_use_builder":"on","_et_pb_old_content":"","_et_gb_content_width":"","footnotes":""},"class_list":["post-162","page","type-page","status-publish","hentry"],"_links":{"self":[{"href":"https:\/\/gefluegelhof-lueck.de\/index.php\/wp-json\/wp\/v2\/pages\/162","targetHints":{"allow":["GET"]}}],"collection":[{"href":"https:\/\/gefluegelhof-lueck.de\/index.php\/wp-json\/wp\/v2\/pages"}],"about":[{"href":"https:\/\/gefluegelhof-lueck.de\/index.php\/wp-json\/wp\/v2\/types\/page"}],"author":[{"embeddable":true,"href":"https:\/\/gefluegelhof-lueck.de\/index.php\/wp-json\/wp\/v2\/users\/1"}],"replies":[{"embeddable":true,"href":"https:\/\/gefluegelhof-lueck.de\/index.php\/wp-json\/wp\/v2\/comments?post=162"}],"version-history":[{"count":2,"href":"https:\/\/gefluegelhof-lueck.de\/index.php\/wp-json\/wp\/v2\/pages\/162\/revisions"}],"predecessor-version":[{"id":165,"href":"https:\/\/gefluegelhof-lueck.de\/index.php\/wp-json\/wp\/v2\/pages\/162\/revisions\/165"}],"wp:attachment":[{"href":"https:\/\/gefluegelhof-lueck.de\/index.php\/wp-json\/wp\/v2\/media?parent=162"}],"curies":[{"name":"wp","href":"https:\/\/api.w.org\/{rel}","templated":true}]}}